{"id":3324,"date":"2015-08-11T10:35:48","date_gmt":"2015-08-11T10:35:48","guid":{"rendered":"http:\/\/www.stazione8.com\/terms-and-conditions\/"},"modified":"2026-03-15T22:54:05","modified_gmt":"2026-03-15T21:54:05","slug":"terms-and-conditions","status":"publish","type":"page","link":"https:\/\/www.stazione8.com\/it\/terms-and-conditions\/","title":{"rendered":"Condizioni di vendita"},"content":{"rendered":"<h3>Stazione 8 Condizioni<\/h3>\n<div class=\"policy_mask\">\n<div class=\"fold\">\n<div class=\"policy\"><span class=\"type\">Arrivo<\/span><span class=\"value\">16:00 &#8211; 20:00 ore<\/span><\/div>\n<div class=\"policy even\"><span class=\"type\">Partenza<\/span><span class=\"value\">06:00 &#8211; 10:00 ore<\/span><\/div>\n<div class=\"policy\"><span class=\"type\">Cancellazione \/ pagamento anticipato<\/span><\/div>\n<div><\/div>\n<div class=\"policy\"><span class=\"value\"><b>Cancellazione \/ pagamento anticipato<\/b><br \/>\nLe condizioni relative alla cancellazione e al pagamento anticipato variano a seconda della tipologia di alloggio. Inserisci\u00a0le date del soggiorno\u00a0e verifica le condizioni della camera scelta.<\/span><\/div>\n<div class=\"policy even\"><span class=\"type\">Bambini e letti supplementari<\/span><span class=\"value\">Tutti bambini di et\u00e0 inferiore a 2 anni soggiornano gratuitamente (usufruendo delle culle). Il numero massimo consentito di culle \u00e8 1. La camera non pu\u00f2 disporre di alcun letto supplementare. I supplementi non sono inclusi nell\u2019importo totale del soggiorno e devono essere pagati separatamente in la struttura.<\/span><\/div>\n<div><\/div>\n<div class=\"policy\"><span class=\"value\">Animali non ammessi.<\/span><\/div>\n<div><\/div>\n<div class=\"policy even\"><span class=\"type\">Carte di credito accettate: <\/span><span class=\"value\">Visa, Euro\/Mastercard, Maestro, CartaSi. La struttura si riserva il diritto di controllare la validit\u00e0 della carta di credito prima dell&#8217;arrivo, richiedendo l&#8217;autorizzazione al circuito di appartenenza.<\/p>\n<p>Per il soggiorno in appartamento verr\u00e0 richiesto un deposito cauzionale<\/span><\/div>\n<\/div>\n<\/div>\n<div id=\"importantinfo_container\">\n<h3>Informazioni importanti<\/h3>\n<div>La struttura non \u00e8 disponibile per feste di addio al nubilato\/celibato o simili.<\/div>\n<\/div>\n","protected":false},"excerpt":{"rendered":"<p>Stazione 8 Condizioni Arrivo16:00 &#8211; 20:00 ore Partenza06:00 &#8211; 10:00 ore Cancellazione \/ pagamento anticipato Cancellazione \/ pagamento anticipato Le condizioni relative alla cancellazione e al pagamento anticipato variano a seconda della tipologia di alloggio. Inserisci\u00a0le date del soggiorno\u00a0e verifica le condizioni della camera scelta. Bambini e letti supplementariTutti bambini di et\u00e0 inferiore a 2 [&hellip;]<\/p>\n","protected":false},"author":1,"featured_media":0,"parent":0,"menu_order":0,"comment_status":"open","ping_status":"open","template":"","meta":{"footnotes":""},"class_list":["post-3324","page","type-page","status-publish","hentry"],"_links":{"self":[{"href":"https:\/\/www.stazione8.com\/it\/wp-json\/wp\/v2\/pages\/3324","targetHints":{"allow":["GET"]}}],"collection":[{"href":"https:\/\/www.stazione8.com\/it\/wp-json\/wp\/v2\/pages"}],"about":[{"href":"https:\/\/www.stazione8.com\/it\/wp-json\/wp\/v2\/types\/page"}],"author":[{"embeddable":true,"href":"https:\/\/www.stazione8.com\/it\/wp-json\/wp\/v2\/users\/1"}],"replies":[{"embeddable":true,"href":"https:\/\/www.stazione8.com\/it\/wp-json\/wp\/v2\/comments?post=3324"}],"version-history":[{"count":5,"href":"https:\/\/www.stazione8.com\/it\/wp-json\/wp\/v2\/pages\/3324\/revisions"}],"predecessor-version":[{"id":3511,"href":"https:\/\/www.stazione8.com\/it\/wp-json\/wp\/v2\/pages\/3324\/revisions\/3511"}],"wp:attachment":[{"href":"https:\/\/www.stazione8.com\/it\/wp-json\/wp\/v2\/media?parent=3324"}],"curies":[{"name":"wp","href":"https:\/\/api.w.org\/{rel}","templated":true}]}}